{"id":167,"date":"2017-10-20T13:02:20","date_gmt":"2017-10-20T13:02:20","guid":{"rendered":"http:\/\/biskolan.com\/?page_id=167"},"modified":"2021-02-27T08:13:58","modified_gmt":"2021-02-27T08:13:58","slug":"biskolan-med-certifikat","status":"publish","type":"page","link":"http:\/\/biskolan.com\/index.php\/biskolan-med-certifikat\/","title":{"rendered":"Biskolan med Certifikat"},"content":{"rendered":"<style><span style=\"display: inline-block; width: 0px; overflow: hidden; line-height: 0;\" data-mce-type=\"bookmark\" class=\"mce_SELRES_start\">\ufeff<\/span><br \/><!-- \/* Font Definitions *\/ @font-face {font-family:\"Cambria Math\"; panose-1:2 4 5 3 5 4 6 3 2 4;} @font-face {font-family:Calibri; panose-1:2 15 5 2 2 2 4 3 2 4;} @font-face {font-family:Georgia; panose-1:2 4 5 2 5 4 5 2 3 3;} \/* Style Definitions *\/ p.MsoNormal, li.MsoNormal, div.MsoNormal {margin-top:0cm; margin-right:0cm; margin-bottom:8.0pt; margin-left:0cm; line-height:107%; font-size:11.0pt; font-family:\"Calibri\",sans-serif;} h2 {mso-style-link:\"Rubrik 2 Char\"; margin-top:0cm; margin-right:0cm; margin-bottom:9.0pt; margin-left:0cm; font-size:15.0pt; font-family:\"Times New Roman\",serif; color:#666666; font-weight:normal;} h3 {mso-style-link:\"Rubrik 3 Char\"; margin-top:0cm; margin-right:0cm; margin-bottom:9.0pt; margin-left:0cm; font-size:13.5pt; font-family:\"Times New Roman\",serif; color:#333333; font-weight:normal;} a:link, span.MsoHyperlink {color:#222222; text-decoration:none none;} a:visited, span.MsoHyperlinkFollowed {color:#954F72; text-decoration:underline;} p {margin-top:0cm; margin-right:0cm; margin-bottom:18.0pt; margin-left:0cm; font-size:12.0pt; font-family:\"Times New Roman\",serif;} span.Rubrik2Char {mso-style-name:\"Rubrik 2 Char\"; mso-style-link:\"Rubrik 2\"; font-family:\"Times New Roman\",serif; color:#666666;} span.Rubrik3Char {mso-style-name:\"Rubrik 3 Char\"; mso-style-link:\"Rubrik 3\"; font-family:\"Times New Roman\",serif; color:#333333;} .MsoChpDefault {font-family:\"Calibri\",sans-serif;} .MsoPapDefault {margin-bottom:8.0pt; line-height:107%;} @page WordSection1 {size:595.3pt 841.9pt; margin:70.85pt 70.85pt 70.85pt 70.85pt;} div.WordSection1 {page:WordSection1;} \/* List Definitions *\/ ol {margin-bottom:0cm;} ul {margin-bottom:0cm;} --><br \/><\/style>\n<h1>1:a \u00e5ret; Examen\/Certifikat i Yrket Bisk\u00f6tare<\/h1>\n<p>Biskolan f\u00f6ljer bla\u00a0\u00e4ven, Skolverkets \u00e4mne &#8221;Biodling&#8221;, 100 po\u00e4ng. Utbildningen p\u00e5g\u00e5r i 9 m\u00e5nader, deltid under ett kalender\u00e5r..<\/p>\n<h1>2:a \u00e5ret; Examen\/Certifikat Yrkesbiodlare, &#8221;Prof. BeeKeeping Manager&#8221;<\/h1>\n<p>Biskolan f\u00f6ljer branschen krav i Yrkesbiodling och\u00a0efter Hantverksr\u00e5det anvisningar. Utbildningen p\u00e5g\u00e5r i\u00a010 m\u00e5nader, deltid under ett kalender\u00e5r.<\/p>\n<h2>3:e \u00e5ret;\u00a0Mentorst\u00f6d Yrkesbiodlare, Ditt Biodlingsf\u00f6retag<\/h2>\n<p>Biskolan ger eleven ett mentorst\u00f6d och som \u00e4r anpassat till dina f\u00f6ruts\u00e4ttningar. En skr\u00e4ddarstyrd inriktning mot ett\u00a0l\u00f6nsamt Biodlingsf\u00f6retag.\u00a0 Ges\u00e4llbrev som ambition och m\u00e5l. P\u00e5g\u00e5r under en biodlingss\u00e4song fr\u00e4mst.<\/p>\n","protected":false},"excerpt":{"rendered":"<p>1:a \u00e5ret; Examen\/Certifikat i Yrket Bisk\u00f6tare Biskolan f\u00f6ljer bla\u00a0\u00e4ven, Skolverkets \u00e4mne &#8221;Biodling&#8221;, 100 po\u00e4ng. Utbildningen p\u00e5g\u00e5r i 9 m\u00e5nader, deltid under ett kalender\u00e5r.. 2:a \u00e5ret; Examen\/Certifikat Yrkesbiodlare, &#8221;Prof. BeeKeeping Manager&#8221; Biskolan f\u00f6ljer branschen krav i Yrkesbiodling och\u00a0efter Hantverksr\u00e5det anvisningar. Utbildningen p\u00e5g\u00e5r i\u00a010 m\u00e5nader, deltid under ett kalender\u00e5r. 3:e \u00e5ret;\u00a0Mentorst\u00f6d Yrkesbiodlare, Ditt Biodlingsf\u00f6retag Biskolan ger eleven &hellip; <\/p>\n<p class=\"link-more\"><a href=\"http:\/\/biskolan.com\/index.php\/biskolan-med-certifikat\/\" class=\"more-link\">Forts\u00e4tt l\u00e4sa<span class=\"screen-reader-text\"> &#8221;Biskolan med Certifikat&#8221;<\/span><\/a><\/p>\n","protected":false},"author":1,"featured_media":0,"parent":0,"menu_order":0,"comment_status":"closed","ping_status":"closed","template":"","meta":{"footnotes":""},"class_list":["post-167","page","type-page","status-publish","hentry"],"_links":{"self":[{"href":"http:\/\/biskolan.com\/index.php\/wp-json\/wp\/v2\/pages\/167","targetHints":{"allow":["GET"]}}],"collection":[{"href":"http:\/\/biskolan.com\/index.php\/wp-json\/wp\/v2\/pages"}],"about":[{"href":"http:\/\/biskolan.com\/index.php\/wp-json\/wp\/v2\/types\/page"}],"author":[{"embeddable":true,"href":"http:\/\/biskolan.com\/index.php\/wp-json\/wp\/v2\/users\/1"}],"replies":[{"embeddable":true,"href":"http:\/\/biskolan.com\/index.php\/wp-json\/wp\/v2\/comments?post=167"}],"version-history":[{"count":26,"href":"http:\/\/biskolan.com\/index.php\/wp-json\/wp\/v2\/pages\/167\/revisions"}],"predecessor-version":[{"id":695,"href":"http:\/\/biskolan.com\/index.php\/wp-json\/wp\/v2\/pages\/167\/revisions\/695"}],"wp:attachment":[{"href":"http:\/\/biskolan.com\/index.php\/wp-json\/wp\/v2\/media?parent=167"}],"curies":[{"name":"wp","href":"https:\/\/api.w.org\/{rel}","templated":true}]}}