{"id":182,"date":"2017-10-20T13:20:13","date_gmt":"2017-10-20T13:20:13","guid":{"rendered":"http:\/\/biskolan.com\/?page_id=182"},"modified":"2022-10-04T11:12:08","modified_gmt":"2022-10-04T11:12:08","slug":"biskolans-utbildningar","status":"publish","type":"page","link":"http:\/\/biskolan.com\/index.php\/biskolans-utbildningar\/","title":{"rendered":"Biskolans Utbildningar Kurser Biodling"},"content":{"rendered":"<style><span style=\"display: inline-block; width: 0px; overflow: hidden; line-height: 0;\" data-mce-type=\"bookmark\" class=\"mce_SELRES_start\">\ufeff<\/span><br \/><!-- \/* Font Definitions *\/ @font-face {font-family:\"Cambria Math\"; panose-1:2 4 5 3 5 4 6 3 2 4;} @font-face {font-family:Calibri; panose-1:2 15 5 2 2 2 4 3 2 4;} @font-face {font-family:Georgia; panose-1:2 4 5 2 5 4 5 2 3 3;} \/* Style Definitions *\/ p.MsoNormal, li.MsoNormal, div.MsoNormal {margin-top:0cm; margin-right:0cm; margin-bottom:8.0pt; margin-left:0cm; line-height:107%; font-size:11.0pt; font-family:\"Calibri\",sans-serif;} h2 {mso-style-link:\"Rubrik 2 Char\"; margin-top:0cm; margin-right:0cm; margin-bottom:9.0pt; margin-left:0cm; font-size:15.0pt; font-family:\"Times New Roman\",serif; color:#666666; font-weight:normal;} h3 {mso-style-link:\"Rubrik 3 Char\"; margin-top:0cm; margin-right:0cm; margin-bottom:9.0pt; margin-left:0cm; font-size:13.5pt; font-family:\"Times New Roman\",serif; color:#333333; font-weight:normal;} a:link, span.MsoHyperlink {color:#222222; text-decoration:none none;} a:visited, span.MsoHyperlinkFollowed {color:#954F72; text-decoration:underline;} p {margin-top:0cm; margin-right:0cm; margin-bottom:18.0pt; margin-left:0cm; font-size:12.0pt; font-family:\"Times New Roman\",serif;} span.Rubrik2Char {mso-style-name:\"Rubrik 2 Char\"; mso-style-link:\"Rubrik 2\"; font-family:\"Times New Roman\",serif; color:#666666;} span.Rubrik3Char {mso-style-name:\"Rubrik 3 Char\"; mso-style-link:\"Rubrik 3\"; font-family:\"Times New Roman\",serif; color:#333333;} .MsoChpDefault {font-family:\"Calibri\",sans-serif;} .MsoPapDefault {margin-bottom:8.0pt; line-height:107%;} @page WordSection1 {size:595.3pt 841.9pt; margin:70.85pt 70.85pt 70.85pt 70.85pt;} div.WordSection1 {page:WordSection1;} \/* List Definitions *\/ ol {margin-bottom:0cm;} ul {margin-bottom:0cm;} --><br \/><\/style>\n<h2 class=\"MsoNormal\" style=\"margin-bottom: 9.0pt; line-height: normal;\"><span style=\"font-size: 22.0pt; font-family: 'Georgia',serif; color: #666666;\">Biskolans Utbildningar &#8211; Biodlingskurser<\/span><\/h2>\n<p>Biskolans huvudutbildningar \u00e4r dessa 3 huvudsp\u00e5r, (se h\u00e4runder), och som varar f\u00f6r den som v\u00e4ljer det, har den helt\u00e4ckande bild av yrkesbiodling som Yrke, levebr\u00f6d.<\/p>\n<p>Biskolan \u00e4r unik i Sverige &#8211; finns bara vi som med b\u00e4sta entusiasm mer \u00e4n g\u00e4rna l\u00e4r dej, det du m\u00e5ste kunna. Dock beror allt p\u00e5 dej sj\u00e4lv ocks\u00e5. Vi skapar sp\u00e4nningen med biodling och ger dej som resultat att du f\u00f6rkortar och vinner en kortare upstart med din biodling. Helt ig\u00e5ng det f\u00f6rsta \u00e5ret.<\/p>\n<p>Mer som \u00e4r unikt &#8211; vi f\u00f6ljer dej, om du s\u00e5 \u00f6nskar att hitta r\u00e4tt i din biodling p\u00e5 alla dessa niv\u00e5er fr\u00e5n det enkla till det mycket avancerade i framg\u00e5ngen som biodlare.<\/p>\n<p>Motto i Biskolan: &#8221;Friska Bin och L\u00f6nsam Biodling&#8221;, s\u00e5 \u00e4r det och s\u00e5 st\u00f6djer vi dej till din framg\u00e5ng.<\/p>\n<div>\n<h2>En &#8221;Total undervisning under fritid\/deltid f\u00f6r Dej som vill kunna mer om biodling, och f\u00e5 erfarenhet&#8221;<\/h2>\n<ul>\n<li>\n<pre>Fritidsbiodlare 1 \u00e5r, avancerad biodling, <a href=\"http:\/\/biskolan.com\/index.php\/fritidsbiodlare-1-ar-avancerad-biodling-och-steg-1\/\" target=\"_blank\" rel=\"noopener\">Steg 1<\/a> och <a href=\"http:\/\/biskolan.com\/index.php\/fritidsbiodlare-1-ar-avancerad-biodling-och-steg-2\/\" target=\"_blank\" rel=\"noopener\">Steg 2<\/a><\/pre>\n<\/li>\n<li>\n<pre>Yrkesbiodling 2 \u00e5r, kvalificerad biodling, <a href=\"http:\/\/biskolan.com\/index.php\/yrkesbiodling-2-ar-kvalificerad-biodling-och-steg-3\/\" target=\"_blank\" rel=\"noopener\">Steg 3<\/a> och <a href=\"http:\/\/biskolan.com\/index.php\/yrkesbiodling-2-ar-kvalificerad-biodling-och-steg-4\/\" target=\"_blank\" rel=\"noopener\">Steg 4<\/a><\/pre>\n<\/li>\n<li>\n<pre>Biodlingsf\u00f6retagare 3 \u00e5r, expert, biodling och mentorst\u00f6d<\/pre>\n<\/li>\n<\/ul>\n<h2><strong><em>Intresseanm\u00e4lan,\u00a0<\/em><\/strong><strong>Biskolans Utbildningar, v\u00e5ra Biodlingskurser:<\/strong><\/h2>\n<p>Biskolan L\u00e4r Dej Biodling Ordentligt och Redigt.<br \/>\nV\u00e4lkommen med Din Intresseanm\u00e4lan hos Biskolan!<br \/>\nN\u00e4sta kursstart:\u00a0 varje \u00e5r under mars m\u00e5nad.<\/p>\n<p>&nbsp;<\/p>\n<p>Plats: Jordberga<\/p>\n<p><a href=\"http:\/\/biskolan.com\/index.php\/intresseanmalan-utbildning-biodling-pa-biskolan\/\">Klicka h\u00e4r,\u00a0f\u00f6r Din Intresseanm\u00e4lan, Anders Big\u00e5rdar med Biskolan<\/a><\/p>\n<\/div>\n","protected":false},"excerpt":{"rendered":"<p>Biskolans Utbildningar &#8211; Biodlingskurser Biskolans huvudutbildningar \u00e4r dessa 3 huvudsp\u00e5r, (se h\u00e4runder), och som varar f\u00f6r den som v\u00e4ljer det, har den helt\u00e4ckande bild av yrkesbiodling som Yrke, levebr\u00f6d. Biskolan \u00e4r unik i Sverige &#8211; finns bara vi som med b\u00e4sta entusiasm mer \u00e4n g\u00e4rna l\u00e4r dej, det du m\u00e5ste kunna. Dock beror allt p\u00e5 &hellip; <\/p>\n<p class=\"link-more\"><a href=\"http:\/\/biskolan.com\/index.php\/biskolans-utbildningar\/\" class=\"more-link\">Forts\u00e4tt l\u00e4sa<span class=\"screen-reader-text\"> &#8221;Biskolans Utbildningar Kurser Biodling&#8221;<\/span><\/a><\/p>\n","protected":false},"author":1,"featured_media":0,"parent":0,"menu_order":0,"comment_status":"closed","ping_status":"closed","template":"","meta":{"footnotes":""},"class_list":["post-182","page","type-page","status-publish","hentry"],"_links":{"self":[{"href":"http:\/\/biskolan.com\/index.php\/wp-json\/wp\/v2\/pages\/182","targetHints":{"allow":["GET"]}}],"collection":[{"href":"http:\/\/biskolan.com\/index.php\/wp-json\/wp\/v2\/pages"}],"about":[{"href":"http:\/\/biskolan.com\/index.php\/wp-json\/wp\/v2\/types\/page"}],"author":[{"embeddable":true,"href":"http:\/\/biskolan.com\/index.php\/wp-json\/wp\/v2\/users\/1"}],"replies":[{"embeddable":true,"href":"http:\/\/biskolan.com\/index.php\/wp-json\/wp\/v2\/comments?post=182"}],"version-history":[{"count":51,"href":"http:\/\/biskolan.com\/index.php\/wp-json\/wp\/v2\/pages\/182\/revisions"}],"predecessor-version":[{"id":711,"href":"http:\/\/biskolan.com\/index.php\/wp-json\/wp\/v2\/pages\/182\/revisions\/711"}],"wp:attachment":[{"href":"http:\/\/biskolan.com\/index.php\/wp-json\/wp\/v2\/media?parent=182"}],"curies":[{"name":"wp","href":"https:\/\/api.w.org\/{rel}","templated":true}]}}