{"id":213,"date":"2017-10-21T16:07:36","date_gmt":"2017-10-21T16:07:36","guid":{"rendered":"http:\/\/biskolan.com\/?page_id=213"},"modified":"2023-11-05T09:59:39","modified_gmt":"2023-11-05T09:59:39","slug":"om_biskolan_pa_anders_bigardar","status":"publish","type":"page","link":"http:\/\/biskolan.com\/index.php\/om_biskolan_pa_anders_bigardar\/","title":{"rendered":"Om Biskolan"},"content":{"rendered":"<style><span data-mce-type=\"bookmark\" style=\"display: inline-block; width: 0px; overflow: hidden; line-height: 0;\" class=\"mce_SELRES_start\">\ufeff<\/span><span style=\"display: inline-block; width: 0px; overflow: hidden; line-height: 0;\" data-mce-type=\"bookmark\" class=\"mce_SELRES_start\">\ufeff<\/span><span style=\"display: inline-block; width: 0px; overflow: hidden; line-height: 0;\" data-mce-type=\"bookmark\" class=\"mce_SELRES_start\">\ufeff<\/span><span style=\"display: inline-block; width: 0px; overflow: hidden; line-height: 0;\" data-mce-type=\"bookmark\" class=\"mce_SELRES_start\">\ufeff<\/span><br \/><!-- \/* Font Definitions *\/ @font-face {font-family:\"Cambria Math\"; panose-1:2 4 5 3 5 4 6 3 2 4;} @font-face {font-family:Calibri; panose-1:2 15 5 2 2 2 4 3 2 4;} @font-face {font-family:Georgia; panose-1:2 4 5 2 5 4 5 2 3 3;} \/* Style Definitions *\/ p.MsoNormal, li.MsoNormal, div.MsoNormal {margin-top:0cm; margin-right:0cm; margin-bottom:8.0pt; margin-left:0cm; line-height:107%; font-size:11.0pt; font-family:\"Calibri\",sans-serif;} h2 {mso-style-link:\"Rubrik 2 Char\"; margin-top:0cm; margin-right:0cm; margin-bottom:9.0pt; margin-left:0cm; font-size:15.0pt; font-family:\"Times New Roman\",serif; color:#666666; font-weight:normal;} h3 {mso-style-link:\"Rubrik 3 Char\"; margin-top:0cm; margin-right:0cm; margin-bottom:9.0pt; margin-left:0cm; font-size:13.5pt; font-family:\"Times New Roman\",serif; color:#333333; font-weight:normal;} a:link, span.MsoHyperlink {color:#222222; text-decoration:none none;} a:visited, span.MsoHyperlinkFollowed {color:#954F72; text-decoration:underline;} p {margin-top:0cm; margin-right:0cm; margin-bottom:18.0pt; margin-left:0cm; font-size:12.0pt; font-family:\"Times New Roman\",serif;} span.Rubrik2Char {mso-style-name:\"Rubrik 2 Char\"; mso-style-link:\"Rubrik 2\"; font-family:\"Times New Roman\",serif; color:#666666;} span.Rubrik3Char {mso-style-name:\"Rubrik 3 Char\"; mso-style-link:\"Rubrik 3\"; font-family:\"Times New Roman\",serif; color:#333333;} .MsoChpDefault {font-family:\"Calibri\",sans-serif;} .MsoPapDefault {margin-bottom:8.0pt; line-height:107%;} @page WordSection1 {size:595.3pt 841.9pt; margin:70.85pt 70.85pt 70.85pt 70.85pt;} div.WordSection1 {page:WordSection1;} \/* List Definitions *\/ ol {margin-bottom:0cm;} ul {margin-bottom:0cm;} --><br \/><\/style>\n<div>\n<h1><strong><em>Yrkes-<\/em><\/strong><a href=\"http:\/\/andersbigardar.se\/wp-content\/uploads\/2016\/11\/Logo_Martina_Rita_Utan_Adress_20161022_0003.jpg\"><img loading=\"lazy\" decoding=\"async\" class=\" wp-image-910 alignleft\" title=\"Anders Big\u00e5rdar Jordberga, Sk\u00e5ne - Biskolan Jordberga\" src=\"http:\/\/andersbigardar.se\/wp-content\/uploads\/2016\/11\/Logo_Martina_Rita_Utan_Adress_20161022_0003-175x300.jpg\" alt=\"Logo Biskolan Jordberga\" width=\"125\" height=\"214\" \/><\/a><br \/>\n<em><strong> och Fritidsbiodlare, en Komplett Utbildning. <\/strong><\/em><\/h1>\n<h1>F\u00f6r Alla Aktiva och Blivande\u00a0biodlare.<br \/>\nBiskolans\u00a0 utbildning f\u00f6r fritids- och f\u00f6r yrkesbiodlare,<\/h1>\n<h1>inneh\u00e5ller allt det som man ska kunna som biodlare.<\/h1>\n<h1>En deltidsutbildning.<br \/>\nKan anpassas efter deltagares behov i viss m\u00e5n.<br \/>\nHela kursl\u00e4ngden \u00e4r 9, 18 eller 22 m\u00e5nader.<\/h1>\n<div>\u00a0.<\/div>\n<div><\/div>\n<h2><em><strong>Biskolan och Allm\u00e4nna Kurser. <\/strong><\/em><\/h2>\n<h2>Alla viktiga omr\u00e5den, bli deltagare i v\u00e5ra 3-5 m\u00e5naderskurser<\/h2>\n<\/div>\n<h2><em>Intresseanm\u00e4lan,\u00a0\u00a0Biodling p\u00e5 Biskolan:<\/em><\/h2>\n<div><a href=\"http:\/\/andersbigardar.se\/utbildningbiodlinganmalan\/\" target=\"_blank\" rel=\"noopener\">Klicka h\u00e4r,\u00a0Din Utbildning p\u00e5 Biskolan v\u00e5ra Biodlingskurser i avancerad biosling. Bli en kunnig biodlaren med Biskolan Sverige <\/a><\/div>\n<p><!--more--><\/p>\n<h2>Alla Utbildningar och Kurser med Biskolan<\/h2>\n<ul>\n<li>\n<h2>Teoretiska kunskaper varvas med praktiska tr\u00e4ningar.<\/h2>\n<\/li>\n<li>\n<h2>Prov i alla utbildningar och kurser, teoretiska och praktiska.<\/h2>\n<\/li>\n<li>\n<h2>Ekologisk-, Krav- och Sigill Biodling \u00e4r inriktningen i all v\u00e5r utbildning, ut\u00f6ver konventionell biodling med Biskolan<\/h2>\n<\/li>\n<\/ul>\n<h2>Ekologisk Biodling med Biskolan<\/h2>\n<ul>\n<li>\n<h2>Starta en ekologisk biodling med Biskolan<\/h2>\n<\/li>\n<li>\n<h2>V\u00e4lja drottningar och bin<\/h2>\n<\/li>\n<li>\n<h2>Naturligt material, vax\u00a0och big\u00e5rdar vid ekologiska odlingar<\/h2>\n<\/li>\n<li>\n<h2>Sjukdomar, honung, vaxhantering, omst\u00e4llning och erfarenheter med Biskolan<\/h2>\n<\/li>\n<\/ul>\n<h2>Krav Biodling med Biskolan<\/h2>\n<ul>\n<li>\n<h2>Anpassa en biodling f\u00f6r Krav-certifiering, steg f\u00f6r steg.<\/h2>\n<\/li>\n<li>\n<h2>Om certifiering och regler vid ans\u00f6kan med Biskolan<\/h2>\n<\/li>\n<li>\n<h2>Kravs regler f\u00f6r m\u00e4rkning av produkter<\/h2>\n<\/li>\n<li>\n<h2>Omst\u00e4llning och f\u00f6r\u00e4ndringar i biodling, om bek\u00e4mpning, foder och\u00a0material<\/h2>\n<\/li>\n<\/ul>\n<h2>Sigill Biodling med Biskolan<\/h2>\n<ul>\n<li>\n<h2>Kvalitetss\u00e4kringssystem med milj\u00f6ansvar f\u00f6r biodlare<\/h2>\n<\/li>\n<li>\n<h2>Koppling mellan ansvarsfull producent av honungsprodukter och konsument<\/h2>\n<\/li>\n<li>\n<h2>Svenskproducerad honung certifierad\u00a0har ursprungsm\u00e4rket Svenskt Sigill<\/h2>\n<\/li>\n<li>\n<h2>Sigill Biodling kontrollerar verksamheten<\/h2>\n<\/li>\n<\/ul>\n<\/div>\n<div><form id=\"c37-form-8899\"name=\"c37-form-8899\"style=\"width: 500px;\" method=\"post\"action=\"\" class=\"c37-form c37-container c37-form-style-2 \" enctype=\"multipart\/form-data\"><div class=\"c37-step c37-container ui-sortable ui-droppable\"> <!-- Since we supports multiple-step forms, each c37-step is a single step. All elements (rows) are inside this class -->\n\t\t\t\t\t\t<!--data-c37-layout: row layout-->\n\t                    <div class=\"c37-row\" id=\"c37-row-0\" data-c37-layout=\"12\">\n                            <!--place a default box to drop element-->\n                            <div class=\"c37-box c37-col-md-12 ui-sortable ui-droppable\"><div data-original=\"false\" data-c37-type=\"heading\" class=\"c37-form-element c37-item-element ui-draggable-handle\" id=\"c37_id_3525\"><h3 class=\"c37-child\">Kontakta Biskolan \/ Contact Biskolan<\/h3><\/div><div data-original=\"false\" data-c37-type=\"text\" class=\"c37-form-element c37-item-element ui-draggable-handle c37-col-md-12\" id=\"c37_id_3085\"><i class=\"fa fa-users c37-suggest-icon\"><\/i><input id=\"input_404\" class=\"c37-child\" type=\"text\" name=\"input_331\" placeholder=\"enter something\"><\/div><div data-original=\"false\" data-c37-type=\"text\" class=\"c37-form-element c37-item-element ui-draggable-handle c37-col-md-12\" id=\"c37_id_4776\"><i class=\"fa fa-envelope c37-suggest-icon\"><\/i><input id=\"input_164\" class=\"c37-child\" type=\"text\" name=\"input_931\" placeholder=\"Namn \/ name\"><\/div><div data-original=\"false\" data-c37-type=\"text\" class=\"c37-form-element c37-item-element ui-draggable-handle c37-col-md-12\" id=\"c37_id_307\"><label for=\"input_376\">mobil<\/label><i class=\"fa fa-signing  c37-suggest-icon\"><\/i><input id=\"input_376\" class=\"c37-child\" name=\"input_239\" placeholder=\"Mobil\" type=\"tel\"><\/div><div data-original=\"false\" data-c37-type=\"text\" class=\"c37-form-element c37-item-element ui-draggable-handle c37-col-md-12\" id=\"c37_id_6219\"><label for=\"input_782\">epost<\/label><i class=\"fa fa-envelope  c37-suggest-icon\"><\/i><input id=\"input_782\" class=\"c37-child\" type=\"email\" name=\"input_892\" required=\"\" placeholder=\"Epost \/ email\"><\/div><div data-original=\"false\" data-c37-type=\"text\" class=\"c37-form-element c37-item-element ui-draggable-handle c37-col-md-12\" id=\"c37_id_3828\"><i class=\"fa fa-envelope  c37-suggest-icon\"><\/i><input id=\"input_823\" class=\"c37-child\" type=\"text\" name=\"input_756\" placeholder=\"F\u00f6retag \/ organisation\"><\/div><div data-original=\"false\" data-c37-type=\"radio\" class=\"c37-form-element c37-item-element ui-draggable-handle c37-horizontal\" id=\"c37_id_6918\"><span class=\"c37-child c37-single-radio\"><input id=\"radio_id_7837\" type=\"radio\" name=\"radio_111\" value=\"%C3%96nskar%20att%20Bli%20Biodlare\"> <label class=\"c37-blank-label\" for=\"radio_id_7837\"><\/label> <span>\u00d6nskar att Bli Biodlare<\/span><\/span> <span class=\"c37-child c37-single-radio\"><input id=\"radio_id_2211\" type=\"radio\" name=\"radio_111\" value=\"Fritidsbiodlare\"> <label class=\"c37-blank-label\" for=\"radio_id_2211\"><\/label> <span>Fritidsbiodlare<\/span><\/span> <span class=\"c37-child c37-single-radio\"><input id=\"radio_id_1420\" type=\"radio\" name=\"radio_111\" value=\"Yrkesbiodlare\"> <label class=\"c37-blank-label\" for=\"radio_id_1420\"><\/label> <span>Yrkesbiodlare<\/span><\/span> <span class=\"c37-child c37-single-radio\"><input id=\"radio_id_8313\" type=\"radio\" checked=\"\" name=\"radio_111\" value=\"S%C3%B6ker%20information%20om%20biodling\"> <label class=\"c37-blank-label\" for=\"radio_id_8313\"><\/label> <span>S\u00f6ker information om biodling<\/span><\/span> <\/div><div data-original=\"false\" data-c37-type=\"label\" class=\"c37-form-element c37-item-element ui-draggable-handle c37-col-md-12\" id=\"c37_id_1461\"><label for=\"input_753\">Om vad vill Ni kontakta oss. Ange v\u00e4nligen n\u00e5got av f\u00f6ljande:<\/label><\/div><div data-original=\"false\" data-c37-type=\"checkbox\" class=\"c37-form-element c37-item-element ui-draggable-handle c37-horizontal\" id=\"c37_id_6154\"><span class=\"c37-child c37-single-checkbox\"><input id=\"checkbox_id_6753\" type=\"checkbox\" name=\"checkbox_832\" value=\"Honung%20K%C3%B6pa%20%2FBest%C3%A4lla\"><label class=\"c37-blank-label\" for=\"checkbox_id_6753\"><\/label> <span>Honung K\u00f6pa \/Best\u00e4lla<\/span><\/span> <span class=\"c37-child c37-single-checkbox\"><input id=\"checkbox_id_1633\" type=\"checkbox\" name=\"checkbox_832\" value=\"F%C3%B6rel%C3%A4sning\"><label class=\"c37-blank-label\" for=\"checkbox_id_1633\"><\/label> <span>F\u00f6rel\u00e4sning<\/span><\/span> <span class=\"c37-child c37-single-checkbox\"><input id=\"checkbox_id_7801\" type=\"checkbox\" name=\"checkbox_832\" value=\"Konsultation\"><label class=\"c37-blank-label\" for=\"checkbox_id_7801\"><\/label> <span>Konsultation<\/span><\/span> <span class=\"c37-child c37-single-checkbox\"><input id=\"checkbox_id_9174\" type=\"checkbox\" checked=\"\" name=\"checkbox_832\" value=\"Utbildning\"><label class=\"c37-blank-label\" for=\"checkbox_id_9174\"><\/label> <span>Utbildning<\/span><\/span> <span class=\"c37-child c37-single-checkbox\"><input id=\"checkbox_id_4409\" type=\"checkbox\" name=\"checkbox_832\" value=\"Prisuppgifter%2FFr%C3%A5gor%20om%20v%C3%A5ra%20tj%C3%A4nster\"><label class=\"c37-blank-label\" for=\"checkbox_id_4409\"><\/label> <span>Prisuppgifter\/Fr\u00e5gor om v\u00e5ra tj\u00e4nster<\/span><\/span> <span class=\"c37-child c37-single-checkbox\"><input id=\"checkbox_id_7378\" type=\"checkbox\" name=\"checkbox_832\" value=\"Bisk%C3%B6tare%20-%20ledigt%20jobb\"><label class=\"c37-blank-label\" for=\"checkbox_id_7378\"><\/label> <span>Bisk\u00f6tare - ledigt jobb<\/span><\/span> <span class=\"c37-child c37-single-checkbox\"><input id=\"checkbox_id_8310\" type=\"checkbox\" name=\"checkbox_832\" value=\"Avl%C3%A4ggare\"><label class=\"c37-blank-label\" for=\"checkbox_id_8310\"><\/label> <span>Avl\u00e4ggare<\/span><\/span> <span class=\"c37-child c37-single-checkbox\"><input id=\"checkbox_id_449\" type=\"checkbox\" name=\"checkbox_832\" value=\"ProduktionsSamh%C3%A4lle\"><label class=\"c37-blank-label\" for=\"checkbox_id_449\"><\/label> <span>ProduktionsSamh\u00e4lle<\/span><\/span> <span class=\"c37-child c37-single-checkbox\"><input id=\"checkbox_id_1767\" type=\"checkbox\" name=\"checkbox_832\" value=\"Paketbin\"><label class=\"c37-blank-label\" for=\"checkbox_id_1767\"><\/label> <span>Paketbin<\/span><\/span> <span class=\"c37-child c37-single-checkbox\"><input id=\"checkbox_id_8785\" type=\"checkbox\" name=\"checkbox_832\" value=\"Drottningar%20(Buckfast)\"><label class=\"c37-blank-label\" for=\"checkbox_id_8785\"><\/label> <span>Drottningar (Buckfast)<\/span><\/span> <span class=\"c37-child c37-single-checkbox\"><input id=\"checkbox_id_4625\" type=\"checkbox\" name=\"checkbox_832\" value=\"Bimaterial\"><label class=\"c37-blank-label\" for=\"checkbox_id_4625\"><\/label> <span>Bimaterial<\/span><\/span> <span class=\"c37-child c37-single-checkbox\"><input id=\"checkbox_id_649\" type=\"checkbox\" name=\"checkbox_832\" value=\"Press%20%2F%20Forksning\"><label class=\"c37-blank-label\" for=\"checkbox_id_649\"><\/label> <span>Press \/ Forksning<\/span><\/span> <span class=\"c37-child c37-single-checkbox\"><input id=\"checkbox_id_1850\" type=\"checkbox\" checked=\"\" name=\"checkbox_832\" value=\"Yrkesbiodling%2Fvara%20en%20Biodlare%20Din%20Fr%C3%A5ga\"><label class=\"c37-blank-label\" for=\"checkbox_id_1850\"><\/label> <span>Yrkesbiodling\/vara en Biodlare Din Fr\u00e5ga<\/span><\/span> <span class=\"c37-child c37-single-checkbox\"><input id=\"checkbox_id_5290\" type=\"checkbox\" name=\"checkbox_832\" value=\"Leveranstider%20produkter%2Ftj%C3%A4nster%20-%20Din%20Fr%C3%A5ga\"><label class=\"c37-blank-label\" for=\"checkbox_id_5290\"><\/label> <span>Leveranstider produkter\/tj\u00e4nster - Din Fr\u00e5ga<\/span><\/span> <\/div><div data-original=\"false\" data-c37-type=\"text\" class=\"c37-form-element c37-item-element ui-draggable-handle c37-col-xs-12 c37-col-md-12\" id=\"c37_id_6193\"><label for=\"input_310\">Meddelande till Biskolan<\/label><i class=\"fa  c37-suggest-icon\"><\/i><input id=\"input_310\" class=\"c37-child\" type=\"text\" name=\"input_359\" placeholder=\"\"><\/div><div data-original=\"false\" data-c37-type=\"recaptcha\" class=\"c37-form-element c37-item-element ui-draggable-handle\" id=\"c37_id_505\" style=\"position: relative; left: 0px; top: 0px;\"><div><div class=\"g-recaptcha\" data-sitekey=\"6Ld8RE8UAAAAAJV9d0EOZrgweT25xqIhgCmOrW7-\"><\/div><\/div><\/div><div data-original=\"false\" data-c37-type=\"button\" class=\"c37-form-element c37-item-element ui-draggable-handle c37-col-md-12\" id=\"c37_id_998\"><button data-role=\"submit\" class=\"c37-child\">Klicka h\u00e4r och Skicka meddelandet !<\/button><\/div><\/div>\n                        <\/div>\n                    <\/div><input type=\"hidden\" name=\"form_id\" value=\"635\"\/><input type=\"hidden\" name=\"form_type\" value=\"core37-form\"\/><input class=\"pott\" name=\"pott\" type=\"text\" \/><input name=\"action\" value=\"core37_save_form_submit\" type=\"hidden\" \/><script class=\"hidden\">var formsValidation = formsValidation || {}; formsValidation[635] = {\"c37_id_307\":{\"name\":\"input_239\",\"rules\":{\"required\":false}},\"c37_id_6193\":{\"name\":\"input_359\",\"rules\":{\"required\":true}},\"c37_id_4776\":{\"name\":\"input_931\",\"rules\":{\"required\":true}},\"c37_id_3828\":{\"name\":\"input_756\",\"rules\":{\"required\":false}},\"c37_id_3085\":{\"name\":\"input_331\",\"rules\":{\"required\":false}}}<\/script><script class=\"hidden\">var elementsActions = elementsActions || {}; elementsActions[635] = {\"c37_id_6154\":{\"element-type\":\"checkbox\",\"trigger\":\"click\",\"action\":\"submit-form\"},\"c37_id_998\":{\"element-type\":\"button\",\"trigger\":\"click\",\"action\":\"submit-form\"}}<\/script><div id=\"c37-loading-icon\"><img decoding=\"async\" src=\"http:\/\/biskolan.com\/wp-content\/plugins\/core37-form-builder\/inc\/..\/css\/images\/loading-message.gif\" \/><\/div><\/form><\/div>\n","protected":false},"excerpt":{"rendered":"<p>Yrkes- och Fritidsbiodlare, en Komplett Utbildning. F\u00f6r Alla Aktiva och Blivande\u00a0biodlare. Biskolans\u00a0 utbildning f\u00f6r fritids- och f\u00f6r yrkesbiodlare, inneh\u00e5ller allt det som man ska kunna som biodlare. En deltidsutbildning. Kan anpassas efter deltagares behov i viss m\u00e5n. Hela kursl\u00e4ngden \u00e4r 9, 18 eller 22 m\u00e5nader. \u00a0. Biskolan och Allm\u00e4nna Kurser. Alla viktiga omr\u00e5den, bli deltagare &hellip; <\/p>\n<p class=\"link-more\"><a href=\"http:\/\/biskolan.com\/index.php\/om_biskolan_pa_anders_bigardar\/\" class=\"more-link\">Forts\u00e4tt l\u00e4sa<span class=\"screen-reader-text\"> &#8221;Om Biskolan&#8221;<\/span><\/a><\/p>\n","protected":false},"author":1,"featured_media":0,"parent":0,"menu_order":0,"comment_status":"closed","ping_status":"closed","template":"","meta":{"footnotes":""},"class_list":["post-213","page","type-page","status-publish","hentry"],"_links":{"self":[{"href":"http:\/\/biskolan.com\/index.php\/wp-json\/wp\/v2\/pages\/213","targetHints":{"allow":["GET"]}}],"collection":[{"href":"http:\/\/biskolan.com\/index.php\/wp-json\/wp\/v2\/pages"}],"about":[{"href":"http:\/\/biskolan.com\/index.php\/wp-json\/wp\/v2\/types\/page"}],"author":[{"embeddable":true,"href":"http:\/\/biskolan.com\/index.php\/wp-json\/wp\/v2\/users\/1"}],"replies":[{"embeddable":true,"href":"http:\/\/biskolan.com\/index.php\/wp-json\/wp\/v2\/comments?post=213"}],"version-history":[{"count":66,"href":"http:\/\/biskolan.com\/index.php\/wp-json\/wp\/v2\/pages\/213\/revisions"}],"predecessor-version":[{"id":715,"href":"http:\/\/biskolan.com\/index.php\/wp-json\/wp\/v2\/pages\/213\/revisions\/715"}],"wp:attachment":[{"href":"http:\/\/biskolan.com\/index.php\/wp-json\/wp\/v2\/media?parent=213"}],"curies":[{"name":"wp","href":"https:\/\/api.w.org\/{rel}","templated":true}]}}