{"id":427,"date":"2017-10-26T22:21:12","date_gmt":"2017-10-26T22:21:12","guid":{"rendered":"http:\/\/biskolan.com\/?page_id=427"},"modified":"2017-11-07T08:47:50","modified_gmt":"2017-11-07T08:47:50","slug":"avel-och-drottningodling","status":"publish","type":"page","link":"http:\/\/biskolan.com\/index.php\/avel-och-drottningodling\/","title":{"rendered":"Avel och Drottningodling"},"content":{"rendered":"<h2>Biskolan och Allm\u00e4nna Kurser<br \/>\nAvel och Drottningodling<\/h2>\n<p>Separata, Allm\u00e4nna Kurser i Biskolan<\/p>\n<p>Avel och Drottningodling, varaktighet 3 m\u00e5n.<\/p>\n<p>&nbsp;<\/p>\n<p>&nbsp;<\/p>\n<p>DENNA SIDA \u00c4R UNDER UPPBYGGNAD!<\/p>\n<p>KONTAKTA OSS P\u00c5 ANDERS BIG\u00c5RDAR : KLICKA H\u00c4R <a href=\"http:\/\/andersbigardar.se\/contacts\/\">http:\/\/andersbigardar.se\/contacts\/<\/a><\/p>\n","protected":false},"excerpt":{"rendered":"<p>Biskolan och Allm\u00e4nna Kurser Avel och Drottningodling Separata, Allm\u00e4nna Kurser i Biskolan Avel och Drottningodling, varaktighet 3 m\u00e5n. &nbsp; &nbsp; DENNA SIDA \u00c4R UNDER UPPBYGGNAD! KONTAKTA OSS P\u00c5 ANDERS BIG\u00c5RDAR : KLICKA H\u00c4R http:\/\/andersbigardar.se\/contacts\/<\/p>\n","protected":false},"author":1,"featured_media":0,"parent":0,"menu_order":0,"comment_status":"closed","ping_status":"closed","template":"","meta":{"footnotes":""},"class_list":["post-427","page","type-page","status-publish","hentry"],"_links":{"self":[{"href":"http:\/\/biskolan.com\/index.php\/wp-json\/wp\/v2\/pages\/427","targetHints":{"allow":["GET"]}}],"collection":[{"href":"http:\/\/biskolan.com\/index.php\/wp-json\/wp\/v2\/pages"}],"about":[{"href":"http:\/\/biskolan.com\/index.php\/wp-json\/wp\/v2\/types\/page"}],"author":[{"embeddable":true,"href":"http:\/\/biskolan.com\/index.php\/wp-json\/wp\/v2\/users\/1"}],"replies":[{"embeddable":true,"href":"http:\/\/biskolan.com\/index.php\/wp-json\/wp\/v2\/comments?post=427"}],"version-history":[{"count":2,"href":"http:\/\/biskolan.com\/index.php\/wp-json\/wp\/v2\/pages\/427\/revisions"}],"predecessor-version":[{"id":465,"href":"http:\/\/biskolan.com\/index.php\/wp-json\/wp\/v2\/pages\/427\/revisions\/465"}],"wp:attachment":[{"href":"http:\/\/biskolan.com\/index.php\/wp-json\/wp\/v2\/media?parent=427"}],"curies":[{"name":"wp","href":"https:\/\/api.w.org\/{rel}","templated":true}]}}