{"id":433,"date":"2017-10-26T22:26:43","date_gmt":"2017-10-26T22:26:43","guid":{"rendered":"http:\/\/biskolan.com\/?page_id=433"},"modified":"2021-02-28T16:15:25","modified_gmt":"2021-02-28T16:15:25","slug":"utokning-i-bigarden","status":"publish","type":"page","link":"http:\/\/biskolan.com\/index.php\/utokning-i-bigarden\/","title":{"rendered":"Ut\u00f6kning i big\u00e5rden"},"content":{"rendered":"<style><span style=\"display: inline-block; width: 0px; overflow: hidden; line-height: 0;\" data-mce-type=\"bookmark\" class=\"mce_SELRES_start\">\ufeff<\/span><span style=\"display: inline-block; width: 0px; overflow: hidden; line-height: 0;\" data-mce-type=\"bookmark\" class=\"mce_SELRES_start\">\ufeff<\/span><br \/><!-- \/* Font Definitions *\/ @font-face {font-family:\"Cambria Math\"; panose-1:2 4 5 3 5 4 6 3 2 4;} @font-face {font-family:Calibri; panose-1:2 15 5 2 2 2 4 3 2 4;} @font-face {font-family:Georgia; panose-1:2 4 5 2 5 4 5 2 3 3;} \/* Style Definitions *\/ p.MsoNormal, li.MsoNormal, div.MsoNormal {margin-top:0cm; margin-right:0cm; margin-bottom:8.0pt; margin-left:0cm; line-height:107%; font-size:11.0pt; font-family:\"Calibri\",sans-serif;} h2 {mso-style-link:\"Rubrik 2 Char\"; margin-top:0cm; margin-right:0cm; margin-bottom:9.0pt; margin-left:0cm; font-size:15.0pt; font-family:\"Times New Roman\",serif; color:#666666; font-weight:normal;} h3 {mso-style-link:\"Rubrik 3 Char\"; margin-top:0cm; margin-right:0cm; margin-bottom:9.0pt; margin-left:0cm; font-size:13.5pt; font-family:\"Times New Roman\",serif; color:#333333; font-weight:normal;} a:link, span.MsoHyperlink {color:#222222; text-decoration:none none;} a:visited, span.MsoHyperlinkFollowed {color:#954F72; text-decoration:underline;} p {margin-top:0cm; margin-right:0cm; margin-bottom:18.0pt; margin-left:0cm; font-size:12.0pt; font-family:\"Times New Roman\",serif;} span.Rubrik2Char {mso-style-name:\"Rubrik 2 Char\"; mso-style-link:\"Rubrik 2\"; font-family:\"Times New Roman\",serif; color:#666666;} span.Rubrik3Char {mso-style-name:\"Rubrik 3 Char\"; mso-style-link:\"Rubrik 3\"; font-family:\"Times New Roman\",serif; color:#333333;} .MsoChpDefault {font-family:\"Calibri\",sans-serif;} .MsoPapDefault {margin-bottom:8.0pt; line-height:107%;} @page WordSection1 {size:595.3pt 841.9pt; margin:70.85pt 70.85pt 70.85pt 70.85pt;} div.WordSection1 {page:WordSection1;} \/* List Definitions *\/ ol {margin-bottom:0cm;} ul {margin-bottom:0cm;} --><br \/><\/style>\n<h2>Biskolan och Allm\u00e4nna Kurser<br \/>\nUt\u00f6kning i Big\u00e5rden<\/h2>\n<p>Separata, Allm\u00e4nna Kurser i Biskolan<\/p>\n<p>Ut\u00f6kning i big\u00e5rden, varaktighet 3 m\u00e5n.<\/p>\n<p>&nbsp;<\/p>\n<p>&nbsp;<\/p>\n<p>DENNA SIDA \u00c4R UNDER UPPBYGGNAD!<\/p>\n<p>KONTAKTA OSS P\u00c5 ANDERS BIG\u00c5RDAR : KLICKA H\u00c4R <a href=\"http:\/\/andersbigardar.se\/contacts\/\">http:\/\/andersbigardar.se\/contacts\/<\/a><\/p>\n","protected":false},"excerpt":{"rendered":"<p>Biskolan och Allm\u00e4nna Kurser Ut\u00f6kning i Big\u00e5rden Separata, Allm\u00e4nna Kurser i Biskolan Ut\u00f6kning i big\u00e5rden, varaktighet 3 m\u00e5n. &nbsp; &nbsp; DENNA SIDA \u00c4R UNDER UPPBYGGNAD! KONTAKTA OSS P\u00c5 ANDERS BIG\u00c5RDAR : KLICKA H\u00c4R http:\/\/andersbigardar.se\/contacts\/<\/p>\n","protected":false},"author":1,"featured_media":0,"parent":0,"menu_order":0,"comment_status":"closed","ping_status":"closed","template":"","meta":{"footnotes":""},"class_list":["post-433","page","type-page","status-publish","hentry"],"_links":{"self":[{"href":"http:\/\/biskolan.com\/index.php\/wp-json\/wp\/v2\/pages\/433","targetHints":{"allow":["GET"]}}],"collection":[{"href":"http:\/\/biskolan.com\/index.php\/wp-json\/wp\/v2\/pages"}],"about":[{"href":"http:\/\/biskolan.com\/index.php\/wp-json\/wp\/v2\/types\/page"}],"author":[{"embeddable":true,"href":"http:\/\/biskolan.com\/index.php\/wp-json\/wp\/v2\/users\/1"}],"replies":[{"embeddable":true,"href":"http:\/\/biskolan.com\/index.php\/wp-json\/wp\/v2\/comments?post=433"}],"version-history":[{"count":4,"href":"http:\/\/biskolan.com\/index.php\/wp-json\/wp\/v2\/pages\/433\/revisions"}],"predecessor-version":[{"id":700,"href":"http:\/\/biskolan.com\/index.php\/wp-json\/wp\/v2\/pages\/433\/revisions\/700"}],"wp:attachment":[{"href":"http:\/\/biskolan.com\/index.php\/wp-json\/wp\/v2\/media?parent=433"}],"curies":[{"name":"wp","href":"https:\/\/api.w.org\/{rel}","templated":true}]}}