{"id":436,"date":"2017-10-26T22:27:14","date_gmt":"2017-10-26T22:27:14","guid":{"rendered":"http:\/\/biskolan.com\/?page_id=436"},"modified":"2017-11-07T08:47:20","modified_gmt":"2017-11-07T08:47:20","slug":"sasongsavslut-i-bigarden","status":"publish","type":"page","link":"http:\/\/biskolan.com\/index.php\/sasongsavslut-i-bigarden\/","title":{"rendered":"S\u00e4songsavslut i big\u00e5rden"},"content":{"rendered":"<h2>Biskolan och Allm\u00e4nna Kurser<br \/>\nS\u00e4songsavslut i big\u00e5rden<\/h2>\n<p>Separata, Allm\u00e4nna Kurser i Biskolan<\/p>\n<p>S\u00e4songsavslut i big\u00e5rden,\u00a0\u00a0 varaktighet 3 m\u00e5n.<\/p>\n<p>&nbsp;<\/p>\n<p>DENNA SIDA \u00c4R UNDER UPPBYGGNAD!<\/p>\n<p>KONTAKTA OSS P\u00c5 ANDERS BIG\u00c5RDAR : KLICKA H\u00c4R <a href=\"http:\/\/andersbigardar.se\/contacts\/\">http:\/\/andersbigardar.se\/contacts\/<\/a><\/p>\n","protected":false},"excerpt":{"rendered":"<p>Biskolan och Allm\u00e4nna Kurser S\u00e4songsavslut i big\u00e5rden Separata, Allm\u00e4nna Kurser i Biskolan S\u00e4songsavslut i big\u00e5rden,\u00a0\u00a0 varaktighet 3 m\u00e5n. &nbsp; DENNA SIDA \u00c4R UNDER UPPBYGGNAD! KONTAKTA OSS P\u00c5 ANDERS BIG\u00c5RDAR : KLICKA H\u00c4R http:\/\/andersbigardar.se\/contacts\/<\/p>\n","protected":false},"author":1,"featured_media":0,"parent":0,"menu_order":0,"comment_status":"closed","ping_status":"closed","template":"","meta":{"footnotes":""},"class_list":["post-436","page","type-page","status-publish","hentry"],"_links":{"self":[{"href":"http:\/\/biskolan.com\/index.php\/wp-json\/wp\/v2\/pages\/436","targetHints":{"allow":["GET"]}}],"collection":[{"href":"http:\/\/biskolan.com\/index.php\/wp-json\/wp\/v2\/pages"}],"about":[{"href":"http:\/\/biskolan.com\/index.php\/wp-json\/wp\/v2\/types\/page"}],"author":[{"embeddable":true,"href":"http:\/\/biskolan.com\/index.php\/wp-json\/wp\/v2\/users\/1"}],"replies":[{"embeddable":true,"href":"http:\/\/biskolan.com\/index.php\/wp-json\/wp\/v2\/comments?post=436"}],"version-history":[{"count":4,"href":"http:\/\/biskolan.com\/index.php\/wp-json\/wp\/v2\/pages\/436\/revisions"}],"predecessor-version":[{"id":463,"href":"http:\/\/biskolan.com\/index.php\/wp-json\/wp\/v2\/pages\/436\/revisions\/463"}],"wp:attachment":[{"href":"http:\/\/biskolan.com\/index.php\/wp-json\/wp\/v2\/media?parent=436"}],"curies":[{"name":"wp","href":"https:\/\/api.w.org\/{rel}","templated":true}]}}