{"id":476,"date":"2017-11-07T09:03:46","date_gmt":"2017-11-07T09:03:46","guid":{"rendered":"http:\/\/biskolan.com\/?page_id=476"},"modified":"2023-11-05T09:54:17","modified_gmt":"2023-11-05T09:54:17","slug":"intresseanmalan-utbildning-biodling-pa-biskolan","status":"publish","type":"page","link":"http:\/\/biskolan.com\/index.php\/intresseanmalan-utbildning-biodling-pa-biskolan\/","title":{"rendered":"Intresseanm\u00e4lan Utbildning Biodling p\u00e5 Biskolan"},"content":{"rendered":"<div>\n<h2>Intresseanm\u00e4lan Utbildning Biodling p\u00e5 Biskolan<\/h2>\n<p>Vi \u00f6ppnar, i h\u00f6st NU, f\u00f6r nya anm\u00e4lningar till start mars 2024.<br \/>\nRing g\u00e4rna Biskolan under vardagar, f\u00f6r mer information.<br \/>\nVi beh\u00f6ver kunniga och framg\u00e5ngsrika biodlare.<\/p>\n<p>Ja, v\u00e4lkommen att inspireras med oss. L\u00e4rare och elever.<\/p>\n<p>H\u00e4lsningar<br \/>\nAnders Jacobsson<br \/>\nAnders Big\u00e5rdar med Biskolan<br \/>\nE-post: info@andersbigardar.se , andersbigaardar@hotmail.se<br \/>\nMobil: 076-8463206<\/p>\n<p>http:\/\/andersbigardar.se\/contacts\/ blog; http:\/\/www.andersbigaardar.com\/<br \/>\nhttp:\/\/www.biodlingsforetagarna.se\/skane.html<\/p>\n<p>Medlem i Biodlingsf\u00f6retagarna, BF, och Sveriges Biodlares Riksf\u00f6rbund, SBR.<\/p>\n<\/div>\n<div>\n<div><iframe loading=\"lazy\" style=\"border-width: 0px;\" src=\"http:\/\/dinkurs.se\/appliance\/?event_id=62540\" width=\"100%\" height=\"1400\" frameborder=\"0\" scrolling=\"auto\"><\/iframe><\/div>\n<\/div>\n","protected":false},"excerpt":{"rendered":"<p>Intresseanm\u00e4lan Utbildning Biodling p\u00e5 Biskolan Vi \u00f6ppnar, i h\u00f6st NU, f\u00f6r nya anm\u00e4lningar till start mars 2024. Ring g\u00e4rna Biskolan under vardagar, f\u00f6r mer information. Vi beh\u00f6ver kunniga och framg\u00e5ngsrika biodlare. Ja, v\u00e4lkommen att inspireras med oss. L\u00e4rare och elever. H\u00e4lsningar Anders Jacobsson Anders Big\u00e5rdar med Biskolan E-post: info@andersbigardar.se , andersbigaardar@hotmail.se Mobil: 076-8463206 http:\/\/andersbigardar.se\/contacts\/ blog; &hellip; <\/p>\n<p class=\"link-more\"><a href=\"http:\/\/biskolan.com\/index.php\/intresseanmalan-utbildning-biodling-pa-biskolan\/\" class=\"more-link\">Forts\u00e4tt l\u00e4sa<span class=\"screen-reader-text\"> &#8221;Intresseanm\u00e4lan Utbildning Biodling p\u00e5 Biskolan&#8221;<\/span><\/a><\/p>\n","protected":false},"author":1,"featured_media":0,"parent":0,"menu_order":0,"comment_status":"closed","ping_status":"closed","template":"","meta":{"footnotes":""},"class_list":["post-476","page","type-page","status-publish","hentry"],"_links":{"self":[{"href":"http:\/\/biskolan.com\/index.php\/wp-json\/wp\/v2\/pages\/476","targetHints":{"allow":["GET"]}}],"collection":[{"href":"http:\/\/biskolan.com\/index.php\/wp-json\/wp\/v2\/pages"}],"about":[{"href":"http:\/\/biskolan.com\/index.php\/wp-json\/wp\/v2\/types\/page"}],"author":[{"embeddable":true,"href":"http:\/\/biskolan.com\/index.php\/wp-json\/wp\/v2\/users\/1"}],"replies":[{"embeddable":true,"href":"http:\/\/biskolan.com\/index.php\/wp-json\/wp\/v2\/comments?post=476"}],"version-history":[{"count":19,"href":"http:\/\/biskolan.com\/index.php\/wp-json\/wp\/v2\/pages\/476\/revisions"}],"predecessor-version":[{"id":713,"href":"http:\/\/biskolan.com\/index.php\/wp-json\/wp\/v2\/pages\/476\/revisions\/713"}],"wp:attachment":[{"href":"http:\/\/biskolan.com\/index.php\/wp-json\/wp\/v2\/media?parent=476"}],"curies":[{"name":"wp","href":"https:\/\/api.w.org\/{rel}","templated":true}]}}