{"id":581,"date":"2018-02-16T10:55:55","date_gmt":"2018-02-16T10:55:55","guid":{"rendered":"http:\/\/biskolan.com\/?page_id=581"},"modified":"2018-02-16T14:50:49","modified_gmt":"2018-02-16T14:50:49","slug":"fritidsbiodlare-1-ar-avancerad-biodling-och-steg-1","status":"publish","type":"page","link":"http:\/\/biskolan.com\/index.php\/fritidsbiodlare-1-ar-avancerad-biodling-och-steg-1\/","title":{"rendered":"Fritidsbiodlare 1 \u00e5r avancerad biodling och Steg 1"},"content":{"rendered":"<h2>Biskolan &#8211;\u00a0Fritidsbiodlare och Steg 1<\/h2>\n<figure id=\"attachment_261\" aria-describedby=\"caption-attachment-261\" style=\"width: 300px\" class=\"wp-caption alignnone\"><img loading=\"lazy\" decoding=\"async\" class=\"wp-image-261 size-medium\" src=\"http:\/\/biskolan.com\/wp-content\/uploads\/2017\/10\/cropped-20160612_102553-300x230.jpg\" alt=\"\" width=\"300\" height=\"230\" srcset=\"http:\/\/biskolan.com\/wp-content\/uploads\/2017\/10\/cropped-20160612_102553-300x230.jpg 300w, http:\/\/biskolan.com\/wp-content\/uploads\/2017\/10\/cropped-20160612_102553-768x590.jpg 768w, http:\/\/biskolan.com\/wp-content\/uploads\/2017\/10\/cropped-20160612_102553-1024x786.jpg 1024w, http:\/\/biskolan.com\/wp-content\/uploads\/2017\/10\/cropped-20160612_102553.jpg 2000w\" sizes=\"auto, (max-width: 300px) 100vw, 300px\" \/><figcaption id=\"caption-attachment-261\" class=\"wp-caption-text\">Honungens vattenhalt kontrolleras av elev i yrkesbiodling \u2013 Biskolan<\/figcaption><\/figure>\n<p>Grundutbildningen varar under den f\u00f6rsta s\u00e4songen, f\u00f6rsta \u00e5ret, d\u00e5 ger utbildningen dig s\u00e5 mycket att du kan sk\u00f6ta den egna big\u00e5rden med l\u00f6nsamhet.<\/p>\n<p><span style=\"margin: 0px; font-family: 'Arial',sans-serif; font-size: 10.5pt;\"><span style=\"color: #000000;\">Grundutbildningen varar under den f\u00f6rsta s\u00e4songen, f\u00f6rsta \u00e5ret, d\u00e5 ger utbildningen dig s\u00e5 mycket att du kan sk\u00f6ta den egna big\u00e5rden med l\u00f6nsamhet.\u00a0<\/span><\/span><\/p>\n<h4>Steg 1 med Biskolan<\/h4>\n<p>De f\u00f6rsta 5 m\u00e5naderna h\u00e4nder det allra mesta.<\/p>\n<p>Alla de sp\u00e4nnande med\u00a0 biodlingen f\u00e5r en superstart och efter dessa m\u00e5nader som avslutas med binas huvuddrag, som vi kallar det, biodlarens viktigaste sk\u00f6rd. Avslutar du steg 1 och f\u00e5r ditt diplom.<\/p>\n<p>Under denna b\u00f6rjan har du l\u00e4rt dej det absolut viktigaste grunderna i biodling och du har gjort dina tester, prov praktiskt och teoretiskt.<\/p>\n<p>Nu kan du g\u00e5 vidare till ditt n\u00e4sta steg och det som avslutar s\u00e4songer och bina g\u00e5r in i sin vinter med dvala och allt.<\/p>\n<p><a href=\"http:\/\/biskolan.com\/index.php\/fritidsbiodlare-1-ar-avancerad-biodling-och-steg-2\/\" target=\"_blank\" rel=\"noopener\">Ditt steg2 -&gt;<\/a><\/p>\n<p>&nbsp;<\/p>\n","protected":false},"excerpt":{"rendered":"<p>Biskolan &#8211;\u00a0Fritidsbiodlare och Steg 1 Grundutbildningen varar under den f\u00f6rsta s\u00e4songen, f\u00f6rsta \u00e5ret, d\u00e5 ger utbildningen dig s\u00e5 mycket att du kan sk\u00f6ta den egna big\u00e5rden med l\u00f6nsamhet. Grundutbildningen varar under den f\u00f6rsta s\u00e4songen, f\u00f6rsta \u00e5ret, d\u00e5 ger utbildningen dig s\u00e5 mycket att du kan sk\u00f6ta den egna big\u00e5rden med l\u00f6nsamhet.\u00a0 Steg 1 med Biskolan &hellip; <\/p>\n<p class=\"link-more\"><a href=\"http:\/\/biskolan.com\/index.php\/fritidsbiodlare-1-ar-avancerad-biodling-och-steg-1\/\" class=\"more-link\">Forts\u00e4tt l\u00e4sa<span class=\"screen-reader-text\"> &#8221;Fritidsbiodlare 1 \u00e5r avancerad biodling och Steg 1&#8221;<\/span><\/a><\/p>\n","protected":false},"author":1,"featured_media":0,"parent":0,"menu_order":0,"comment_status":"closed","ping_status":"closed","template":"","meta":{"footnotes":""},"class_list":["post-581","page","type-page","status-publish","hentry"],"_links":{"self":[{"href":"http:\/\/biskolan.com\/index.php\/wp-json\/wp\/v2\/pages\/581","targetHints":{"allow":["GET"]}}],"collection":[{"href":"http:\/\/biskolan.com\/index.php\/wp-json\/wp\/v2\/pages"}],"about":[{"href":"http:\/\/biskolan.com\/index.php\/wp-json\/wp\/v2\/types\/page"}],"author":[{"embeddable":true,"href":"http:\/\/biskolan.com\/index.php\/wp-json\/wp\/v2\/users\/1"}],"replies":[{"embeddable":true,"href":"http:\/\/biskolan.com\/index.php\/wp-json\/wp\/v2\/comments?post=581"}],"version-history":[{"count":11,"href":"http:\/\/biskolan.com\/index.php\/wp-json\/wp\/v2\/pages\/581\/revisions"}],"predecessor-version":[{"id":617,"href":"http:\/\/biskolan.com\/index.php\/wp-json\/wp\/v2\/pages\/581\/revisions\/617"}],"wp:attachment":[{"href":"http:\/\/biskolan.com\/index.php\/wp-json\/wp\/v2\/media?parent=581"}],"curies":[{"name":"wp","href":"https:\/\/api.w.org\/{rel}","templated":true}]}}