{"id":592,"date":"2018-02-16T11:03:08","date_gmt":"2018-02-16T11:03:08","guid":{"rendered":"http:\/\/biskolan.com\/?page_id=592"},"modified":"2018-02-16T15:21:13","modified_gmt":"2018-02-16T15:21:13","slug":"yrkesbiodling-2-ar-kvalificerad-biodling-och-steg-4","status":"publish","type":"page","link":"http:\/\/biskolan.com\/index.php\/yrkesbiodling-2-ar-kvalificerad-biodling-och-steg-4\/","title":{"rendered":"Yrkesbiodling 2 \u00e5r, kvalificerad biodling och Steg 4"},"content":{"rendered":"<h2><span style=\"display: inline !important; float: none; background-color: transparent; color: #666666; font-family: 'Libre Franklin','Helvetica Neue',helvetica,arial,sans-serif; font-size: 25.93px; font-style: normal; font-variant: normal; font-weight: 300; letter-spacing: normal; line-height: 36.3px; orphans: 2; text-align: left; text-decoration: none; text-indent: 0px; text-transform: none; -webkit-text-stroke-width: 0px; white-space: normal; word-spacing: 0px;\">Biskolan \u2013 Kvalificerad biodling och Steg 4<\/span><\/h2>\n<h3>\u00a0Sidan \u00e4r under uppdatering se h\u00e4r <a href=\"http:\/\/andersbigardar.se\/utbildning-biodling\/\" target=\"_blank\" rel=\"noopener\">Klicka&#8211;&gt;<\/a><\/h3>\n<p>&nbsp;<\/p>\n<p><a href=\"http:\/\/biskolan.com\/\" target=\"_blank\" rel=\"noopener\">Till f\u00f6rsta sidan-&gt;<\/a><\/p>\n","protected":false},"excerpt":{"rendered":"<p>Biskolan \u2013 Kvalificerad biodling och Steg 4 \u00a0Sidan \u00e4r under uppdatering se h\u00e4r Klicka&#8211;&gt; &nbsp; Till f\u00f6rsta sidan-&gt;<\/p>\n","protected":false},"author":1,"featured_media":0,"parent":0,"menu_order":0,"comment_status":"closed","ping_status":"closed","template":"","meta":{"footnotes":""},"class_list":["post-592","page","type-page","status-publish","hentry"],"_links":{"self":[{"href":"http:\/\/biskolan.com\/index.php\/wp-json\/wp\/v2\/pages\/592","targetHints":{"allow":["GET"]}}],"collection":[{"href":"http:\/\/biskolan.com\/index.php\/wp-json\/wp\/v2\/pages"}],"about":[{"href":"http:\/\/biskolan.com\/index.php\/wp-json\/wp\/v2\/types\/page"}],"author":[{"embeddable":true,"href":"http:\/\/biskolan.com\/index.php\/wp-json\/wp\/v2\/users\/1"}],"replies":[{"embeddable":true,"href":"http:\/\/biskolan.com\/index.php\/wp-json\/wp\/v2\/comments?post=592"}],"version-history":[{"count":5,"href":"http:\/\/biskolan.com\/index.php\/wp-json\/wp\/v2\/pages\/592\/revisions"}],"predecessor-version":[{"id":633,"href":"http:\/\/biskolan.com\/index.php\/wp-json\/wp\/v2\/pages\/592\/revisions\/633"}],"wp:attachment":[{"href":"http:\/\/biskolan.com\/index.php\/wp-json\/wp\/v2\/media?parent=592"}],"curies":[{"name":"wp","href":"https:\/\/api.w.org\/{rel}","templated":true}]}}